{"id":89,"date":"2023-08-30T15:36:34","date_gmt":"2023-08-30T13:36:34","guid":{"rendered":"https:\/\/tangatasjourneys.com\/?page_id=89"},"modified":"2025-08-31T17:45:39","modified_gmt":"2025-08-31T15:45:39","slug":"blog","status":"publish","type":"page","link":"https:\/\/tangatasjourneys.com\/en\/blog\/","title":{"rendered":"Blog"},"content":{"rendered":"<p>Die t\u00fcrkissmaragdgr\u00fcne So\u010da ist einer der sch\u00f6nsten Fl\u00fcsse Europa und stellt einen bedeutenden Naturwert des Nationalparks Triglav dar. Das So\u010da &#8211; Tal wurde als \u201eHerausragendes europ\u00e4isches Reiseziel\u201c (EDEN) geehrt. Nicht nur Wanderherzen werden auf diesem Fluss aufbl\u00fchen, sondern auch alle Wassersportfans kommen auf ihre Kosten.&hellip;<\/p>","protected":false},"excerpt":{"rendered":"<p>Die t\u00fcrkissmaragdgr\u00fcne So\u010da ist einer der sch\u00f6nsten Fl\u00fcsse Europa und stellt einen bedeutenden Naturwert des Nationalparks Triglav dar. Das So\u010da &#8211; Tal wurde als \u201eHerausragendes europ\u00e4isches Reiseziel\u201c (EDEN) geehrt. Nicht nur Wanderherzen werden auf diesem Fluss aufbl\u00fchen, sondern auch alle Wassersportfans kommen auf ihre Kosten.&hellip;<\/p>","protected":false},"author":1,"featured_media":0,"parent":0,"menu_order":0,"comment_status":"closed","ping_status":"closed","template":"","meta":{"_uag_custom_page_level_css":"","jetpack_post_was_ever_published":false,"footnotes":""},"class_list":["post-89","page","type-page","status-publish","hentry"],"yoast_head":"<!-- This site is optimized with the Yoast SEO plugin v27.2 - https:\/\/yoast.com\/product\/yoast-seo-wordpress\/ -->\n<title>Blog - Tangatas Journeys<\/title>\n<meta name=\"description\" content=\"Das ist ein Archiv von meinen letzten Posts &amp; allen meinen Reiseblogs, von allen Orten die ich besucht habe. Beginnen Sie mit der Erkundung!\" \/>\n<meta name=\"robots\" content=\"index, follow, max-snippet:-1, max-image-preview:large, max-video-preview:-1\" \/>\n<link rel=\"canonical\" href=\"https:\/\/tangatasjourneys.com\/en\/blog\/\" \/>\n<meta property=\"og:locale\" content=\"en_US\" \/>\n<meta property=\"og:type\" content=\"article\" \/>\n<meta property=\"og:title\" content=\"Blog - Tangatas Journeys\" \/>\n<meta property=\"og:description\" content=\"Das ist ein Archiv von meinen letzten Posts &amp; allen meinen Reiseblogs, von allen Orten die ich besucht habe. Beginnen Sie mit der Erkundung!\" \/>\n<meta property=\"og:url\" content=\"https:\/\/tangatasjourneys.com\/en\/blog\/\" \/>\n<meta property=\"og:site_name\" content=\"Tangatas Journeys\" \/>\n<meta property=\"article:modified_time\" content=\"2025-08-31T15:45:39+00:00\" \/>\n<meta property=\"og:image\" content=\"https:\/\/i0.wp.com\/tangatasjourneys.com\/wp-content\/uploads\/2023\/08\/cropped-sophie-turner-LZVmvKlchM0-unsplash-scaled-1.jpg?fit=1000%2C369&ssl=1\" \/>\n\t<meta property=\"og:image:width\" content=\"1000\" \/>\n\t<meta property=\"og:image:height\" content=\"369\" \/>\n\t<meta property=\"og:image:type\" content=\"image\/jpeg\" \/>\n<meta name=\"twitter:card\" content=\"summary_large_image\" \/>\n<script type=\"application\/ld+json\" class=\"yoast-schema-graph\">{\"@context\":\"https:\/\/schema.org\",\"@graph\":[{\"@type\":[\"WebPage\",\"CollectionPage\"],\"@id\":\"https:\/\/tangatasjourneys.com\/blog\/\",\"url\":\"https:\/\/tangatasjourneys.com\/blog\/\",\"name\":\"Blog - Tangatas Journeys\",\"isPartOf\":{\"@id\":\"https:\/\/tangatasjourneys.com\/#website\"},\"datePublished\":\"2023-08-30T13:36:34+00:00\",\"dateModified\":\"2025-08-31T15:45:39+00:00\",\"description\":\"Das ist ein Archiv von meinen letzten Posts & allen meinen Reiseblogs, von allen Orten die ich besucht habe. Beginnen Sie mit der Erkundung!\",\"breadcrumb\":{\"@id\":\"https:\/\/tangatasjourneys.com\/blog\/#breadcrumb\"},\"inLanguage\":\"en-US\"},{\"@type\":\"BreadcrumbList\",\"@id\":\"https:\/\/tangatasjourneys.com\/blog\/#breadcrumb\",\"itemListElement\":[{\"@type\":\"ListItem\",\"position\":1,\"name\":\"Home\",\"item\":\"https:\/\/tangatasjourneys.com\/\"},{\"@type\":\"ListItem\",\"position\":2,\"name\":\"Blog\"}]},{\"@type\":\"WebSite\",\"@id\":\"https:\/\/tangatasjourneys.com\/#website\",\"url\":\"https:\/\/tangatasjourneys.com\/\",\"name\":\"Tangatas Journeys\",\"description\":\"The Faithful Traveler's Journal\",\"potentialAction\":[{\"@type\":\"SearchAction\",\"target\":{\"@type\":\"EntryPoint\",\"urlTemplate\":\"https:\/\/tangatasjourneys.com\/?s={search_term_string}\"},\"query-input\":{\"@type\":\"PropertyValueSpecification\",\"valueRequired\":true,\"valueName\":\"search_term_string\"}}],\"inLanguage\":\"en-US\"}]}<\/script>\n<!-- \/ Yoast SEO plugin. -->","yoast_head_json":{"title":"Blog - Tangatas Journeys","description":"Das ist ein Archiv von meinen letzten Posts & allen meinen Reiseblogs, von allen Orten die ich besucht habe. Beginnen Sie mit der Erkundung!","robots":{"index":"index","follow":"follow","max-snippet":"max-snippet:-1","max-image-preview":"max-image-preview:large","max-video-preview":"max-video-preview:-1"},"canonical":"https:\/\/tangatasjourneys.com\/en\/blog\/","og_locale":"en_US","og_type":"article","og_title":"Blog - Tangatas Journeys","og_description":"Das ist ein Archiv von meinen letzten Posts & allen meinen Reiseblogs, von allen Orten die ich besucht habe. Beginnen Sie mit der Erkundung!","og_url":"https:\/\/tangatasjourneys.com\/en\/blog\/","og_site_name":"Tangatas Journeys","article_modified_time":"2025-08-31T15:45:39+00:00","og_image":[{"width":1000,"height":369,"url":"https:\/\/i0.wp.com\/tangatasjourneys.com\/wp-content\/uploads\/2023\/08\/cropped-sophie-turner-LZVmvKlchM0-unsplash-scaled-1.jpg?fit=1000%2C369&ssl=1","type":"image\/jpeg"}],"twitter_card":"summary_large_image","schema":{"@context":"https:\/\/schema.org","@graph":[{"@type":["WebPage","CollectionPage"],"@id":"https:\/\/tangatasjourneys.com\/blog\/","url":"https:\/\/tangatasjourneys.com\/blog\/","name":"Blog - Tangatas Journeys","isPartOf":{"@id":"https:\/\/tangatasjourneys.com\/#website"},"datePublished":"2023-08-30T13:36:34+00:00","dateModified":"2025-08-31T15:45:39+00:00","description":"Das ist ein Archiv von meinen letzten Posts & allen meinen Reiseblogs, von allen Orten die ich besucht habe. Beginnen Sie mit der Erkundung!","breadcrumb":{"@id":"https:\/\/tangatasjourneys.com\/blog\/#breadcrumb"},"inLanguage":"en-US"},{"@type":"BreadcrumbList","@id":"https:\/\/tangatasjourneys.com\/blog\/#breadcrumb","itemListElement":[{"@type":"ListItem","position":1,"name":"Home","item":"https:\/\/tangatasjourneys.com\/"},{"@type":"ListItem","position":2,"name":"Blog"}]},{"@type":"WebSite","@id":"https:\/\/tangatasjourneys.com\/#website","url":"https:\/\/tangatasjourneys.com\/","name":"Tangatas Journeys","description":"The Faithful Traveler's Journal","potentialAction":[{"@type":"SearchAction","target":{"@type":"EntryPoint","urlTemplate":"https:\/\/tangatasjourneys.com\/?s={search_term_string}"},"query-input":{"@type":"PropertyValueSpecification","valueRequired":true,"valueName":"search_term_string"}}],"inLanguage":"en-US"}]}},"uagb_featured_image_src":{"full":false,"thumbnail":false,"medium":false,"medium_large":false,"large":false,"1536x1536":false,"2048x2048":false,"trp-custom-language-flag":false,"refresh-blog-thumbnail":false,"refresh-blog-featured":false,"refresh-blog-square-thumbnail-small":false},"uagb_author_info":{"display_name":"admin","author_link":"https:\/\/tangatasjourneys.com\/en\/author\/admin\/"},"uagb_comment_info":0,"uagb_excerpt":"Die t\u00fcrkissmaragdgr\u00fcne So\u010da ist einer der sch\u00f6nsten Fl\u00fcsse Europa und stellt einen bedeutenden Naturwert des Nationalparks Triglav dar. Das So\u010da &#8211; Tal wurde als \u201eHerausragendes europ\u00e4isches Reiseziel\u201c (EDEN) geehrt. Nicht nur Wanderherzen werden auf diesem Fluss aufbl\u00fchen, sondern auch alle Wassersportfans kommen auf ihre Kosten.&hellip;","jetpack_sharing_enabled":true,"_links":{"self":[{"href":"https:\/\/tangatasjourneys.com\/en\/wp-json\/wp\/v2\/pages\/89","targetHints":{"allow":["GET"]}}],"collection":[{"href":"https:\/\/tangatasjourneys.com\/en\/wp-json\/wp\/v2\/pages"}],"about":[{"href":"https:\/\/tangatasjourneys.com\/en\/wp-json\/wp\/v2\/types\/page"}],"author":[{"embeddable":true,"href":"https:\/\/tangatasjourneys.com\/en\/wp-json\/wp\/v2\/users\/1"}],"replies":[{"embeddable":true,"href":"https:\/\/tangatasjourneys.com\/en\/wp-json\/wp\/v2\/comments?post=89"}],"version-history":[{"count":13,"href":"https:\/\/tangatasjourneys.com\/en\/wp-json\/wp\/v2\/pages\/89\/revisions"}],"predecessor-version":[{"id":2198,"href":"https:\/\/tangatasjourneys.com\/en\/wp-json\/wp\/v2\/pages\/89\/revisions\/2198"}],"wp:attachment":[{"href":"https:\/\/tangatasjourneys.com\/en\/wp-json\/wp\/v2\/media?parent=89"}],"curies":[{"name":"wp","href":"https:\/\/api.w.org\/{rel}","templated":true}]}}