{"id":93,"date":"2023-08-30T15:36:35","date_gmt":"2023-08-30T13:36:35","guid":{"rendered":"https:\/\/tangatasjourneys.com\/?page_id=93"},"modified":"2025-02-16T09:11:15","modified_gmt":"2025-02-16T08:11:15","slug":"kontakt","status":"publish","type":"page","link":"https:\/\/tangatasjourneys.com\/en\/kontakt\/","title":{"rendered":"Contact"},"content":{"rendered":"<h2 class=\"wp-block-heading has-text-align-center\" id=\"setzen-wir-uns-in-verbindung\"><mark style=\"background-color:rgba(0, 0, 0, 0);color:#ff9220\" class=\"has-inline-color\">Setzen wir uns in Verbindung<\/mark><\/h2>\n\n\n<p class=\"has-text-align-center\" style=\"font-style:normal;font-weight:100\">Sende mir deine Fragen, Kommentaren oder Vorschl\u00e4ge!<\/p>\n\n\n\n<p class=\"has-text-align-center\" style=\"font-style:normal;font-weight:100\">Wenn du Fragen hast oder ein Kommentar hinterlassen willst, kanst du mich durch dieses Formular erreichen. Mehr \u00fcber meine Person findest du <a href=\"https:\/\/tangatasjourneys.com\/about\/\">hier.<\/a><\/p>\n\n\n\n<p class=\"has-text-align-center\" style=\"font-style:normal;font-weight:100\">Ab und zu bin ich mit Reisen besch\u00e4ftigt, aber ich werde versuchen, auf jede Nachricht zu antworten!<\/p>\n\n\n<style id=\"wpforms-css-vars-1948-block-ea8dd8b9-188b-4702-b0a6-790be3b65593\">\n\t\t\t\t#wpforms-1948.wpforms-block-ea8dd8b9-188b-4702-b0a6-790be3b65593 {\n\t\t\t\t--wpforms-label-color: #000000;\n--wpforms-label-sublabel-color: #abb8c3;\n--wpforms-label-error-color: #ff0000;\n--wpforms-page-break-color: #dddddd;\n--wpforms-field-border-radius: 0px;\n--wpforms-field-border-color: #cccccc;\n--wpforms-field-border-color-spare: #cccccc;\n--wpforms-field-text-color: #444444;\n--wpforms-button-border-style: solid;\n--wpforms-button-border-radius: 0px;\n--wpforms-button-background-color: #dddddd;\n--wpforms-button-text-color: #666666;\n--wpforms-button-border-color: #cccccc;\n--wpforms-field-size-input-height: 43px;\n--wpforms-field-size-input-spacing: 15px;\n--wpforms-field-size-font-size: 16px;\n--wpforms-field-size-line-height: 19px;\n--wpforms-field-size-padding-h: 14px;\n--wpforms-field-size-checkbox-size: 16px;\n--wpforms-field-size-sublabel-spacing: 5px;\n--wpforms-field-size-icon-size: 1;\n--wpforms-label-size-font-size: 14px;\n--wpforms-label-size-line-height: 17px;\n--wpforms-label-size-sublabel-font-size: 13px;\n--wpforms-label-size-sublabel-line-height: 16px;\n--wpforms-button-size-font-size: 17px;\n--wpforms-button-size-height: 41px;\n--wpforms-button-size-padding-h: 15px;\n--wpforms-button-size-margin-top: 10px;\n\t\t\t}\n\t\t\t<\/style><div class=\"wpforms-container wpforms-container-full wpforms-block wpforms-block-ea8dd8b9-188b-4702-b0a6-790be3b65593 wpforms-render-modern\" id=\"wpforms-1948\"><form id=\"wpforms-form-1948\" class=\"wpforms-validate wpforms-form wpforms-ajax-form\" data-formid=\"1948\" method=\"post\" enctype=\"multipart\/form-data\" action=\"\/en\/wp-json\/wp\/v2\/pages\/93\" data-token=\"64995e3edcfaaf6746ea97bd02b2b481\" data-token-time=\"1775274309\"><noscript class=\"wpforms-error-noscript\">Please enable JavaScript in your browser to complete this form.<\/noscript><div id=\"wpforms-error-noscript\" style=\"display: none;\">Please enable JavaScript in your browser to complete this form.<\/div><div class=\"wpforms-field-container\"><div id=\"wpforms-1948-field_1-container\" class=\"wpforms-field wpforms-field-name\" data-field-id=\"1\"><fieldset><legend class=\"wpforms-field-label\">Name <span class=\"wpforms-required-label\" aria-hidden=\"true\">*<\/span><\/legend><div class=\"wpforms-field-row wpforms-field-medium\"><div class=\"wpforms-field-row-block wpforms-first wpforms-one-half\"><input type=\"text\" id=\"wpforms-1948-field_1\" class=\"wpforms-field-name-first wpforms-field-required\" name=\"wpforms[fields][1][first]\" aria-errormessage=\"wpforms-1948-field_1-error\" required><label for=\"wpforms-1948-field_1\" class=\"wpforms-field-sublabel after\">First<\/label><\/div><div class=\"wpforms-field-row-block wpforms-one-half\"><input type=\"text\" id=\"wpforms-1948-field_1-last\" class=\"wpforms-field-name-last wpforms-field-required\" name=\"wpforms[fields][1][last]\" aria-errormessage=\"wpforms-1948-field_1-last-error\" required><label for=\"wpforms-1948-field_1-last\" class=\"wpforms-field-sublabel after\">Last<\/label><\/div><\/div><\/fieldset><\/div>\t\t<div id=\"wpforms-1948-field_5-container\"\n\t\t\tclass=\"wpforms-field wpforms-field-text\"\n\t\t\tdata-field-type=\"text\"\n\t\t\tdata-field-id=\"5\"\n\t\t\t>\n\t\t\t<label class=\"wpforms-field-label\" for=\"wpforms-1948-field_5\" >Name E-Mail-Adresse Nachricht<\/label>\n\t\t\t<input type=\"text\" id=\"wpforms-1948-field_5\" class=\"wpforms-field-medium\" name=\"wpforms[fields][5]\" >\n\t\t<\/div>\n\t\t<div id=\"wpforms-1948-field_2-container\" class=\"wpforms-field wpforms-field-email\" data-field-id=\"2\"><label class=\"wpforms-field-label\" for=\"wpforms-1948-field_2\">E-Mail-Adresse <span class=\"wpforms-required-label\" aria-hidden=\"true\">*<\/span><\/label><input type=\"email\" id=\"wpforms-1948-field_2\" class=\"wpforms-field-medium wpforms-field-required\" name=\"wpforms[fields][2]\" spellcheck=\"false\" aria-errormessage=\"wpforms-1948-field_2-error\" required><\/div><div id=\"wpforms-1948-field_3-container\" class=\"wpforms-field wpforms-field-textarea\" data-field-id=\"3\"><label class=\"wpforms-field-label\" for=\"wpforms-1948-field_3\">Kommentar oder Nachricht<\/label><textarea id=\"wpforms-1948-field_3\" class=\"wpforms-field-medium\" name=\"wpforms[fields][3]\" aria-errormessage=\"wpforms-1948-field_3-error\" ><\/textarea><\/div><div id=\"wpforms-1948-field_4-container\" class=\"wpforms-field wpforms-field-gdpr-checkbox\" data-field-id=\"4\"><label class=\"wpforms-field-label\">DSGVO-Einverst\u00e4ndnis <span class=\"wpforms-required-label\" aria-hidden=\"true\">*<\/span><\/label><ul id=\"wpforms-1948-field_4\" class=\"wpforms-field-required\"><li class=\"choice-1\"><input type=\"checkbox\" id=\"wpforms-1948-field_4_1\" name=\"wpforms[fields][4][]\" value=\"Ich willige ein, dass diese Website meine \u00fcbermittelten Informationen speichert, sodass meine Anfrage beantwortet werden kann.\" aria-errormessage=\"wpforms-1948-field_4_1-error\" required ><label class=\"wpforms-field-label-inline\" for=\"wpforms-1948-field_4_1\">Ich willige ein, dass diese Website meine \u00fcbermittelten Informationen speichert, sodass meine Anfrage beantwortet werden kann.<\/label><\/li><\/ul><\/div><script>\n\t\t\t\t( function() {\n\t\t\t\t\tconst style = document.createElement( 'style' );\n\t\t\t\t\tstyle.appendChild( document.createTextNode( '#wpforms-1948-field_5-container { position: absolute !important; overflow: hidden !important; display: inline !important; height: 1px !important; width: 1px !important; z-index: -1000 !important; padding: 0 !important; } #wpforms-1948-field_5-container input { visibility: hidden; } #wpforms-conversational-form-page #wpforms-1948-field_5-container label { counter-increment: none; }' ) );\n\t\t\t\t\tdocument.head.appendChild( style );\n\t\t\t\t\tdocument.currentScript?.remove();\n\t\t\t\t} )();\n\t\t\t<\/script><\/div><!-- .wpforms-field-container --><div class=\"wpforms-submit-container\" ><input type=\"hidden\" name=\"wpforms[id]\" value=\"1948\"><input type=\"hidden\" name=\"page_title\" value=\"\"><input type=\"hidden\" name=\"page_url\" value=\"https:\/\/tangatasjourneys.com\/en\/wp-json\/wp\/v2\/pages\/93\"><input type=\"hidden\" name=\"url_referer\" value=\"\"><button type=\"submit\" name=\"wpforms[submit]\" id=\"wpforms-submit-1948\" class=\"wpforms-submit\" data-alt-text=\"Wird gesendet\u00a0\u2026\" data-submit-text=\"Absenden\" aria-live=\"assertive\" value=\"wpforms-submit\">Absenden<\/button><img loading=\"lazy\" decoding=\"async\" src=\"https:\/\/tangatasjourneys.com\/wp-content\/plugins\/wpforms-lite\/assets\/images\/submit-spin.svg\" class=\"wpforms-submit-spinner\" style=\"display: none;\" width=\"26\" height=\"26\" alt=\"Loading\"><br\/><br\/>\t\t<div id=\"cf-turnstile-wpf-1360091099\"\r\n\t\tclass=\"cf-turnstile\" data-callback=\"turnstileWPFCallback\"\t\tdata-sitekey=\"0x4AAAAAAA8_8CuxvIPAJKo1\"\r\n\t\tdata-theme=\"light\"\r\n\t\tdata-language=\"auto\"\r\n\t\tdata-size=\"normal\"\r\n\t\tdata-retry=\"auto\" data-retry-interval=\"1000\"\r\n\t\tdata-refresh-expired=\"auto\"\r\n\t\tdata-action=\"wpforms-1948\"\r\n\t\t\t\tdata-appearance=\"always\"><\/div>\r\n\t\t\t\t<style>.wpforms-submit { pointer-events: none; opacity: 0.5; }<\/style>\r\n\t\t\t<script>document.addEventListener(\"DOMContentLoaded\", function() { setTimeout(function(){ var e=document.getElementById(\"cf-turnstile-wpf-1360091099\"); e&&!e.innerHTML.trim()&&(turnstile.remove(\"#cf-turnstile-wpf-1360091099\"), turnstile.render(\"#cf-turnstile-wpf-1360091099\", {sitekey:\"0x4AAAAAAA8_8CuxvIPAJKo1\"})); }, 100); });<\/script>\r\n\t\t\t<br class=\"cf-turnstile-br cf-turnstile-br-wpf-1360091099\">\r\n\t\t\t\t<style>#cf-turnstile-wpf-1360091099 { margin-left: -15px; }<\/style>\r\n\t\t<\/div><\/form><\/div>  <!-- .wpforms-container -->","protected":false},"excerpt":{"rendered":"<p>Setzen wir uns in Verbindung Sende mir deine Fragen, Kommentaren oder Vorschl\u00e4ge! Wenn du Fragen hast oder ein Kommentar hinterlassen willst, kanst du mich durch dieses Formular erreichen. Mehr \u00fcber meine Person findest du hier. Ab und zu bin ich mit Reisen besch\u00e4ftigt, aber ich werde versuchen, auf jede Nachricht zu antworten!<\/p>","protected":false},"author":1,"featured_media":0,"parent":0,"menu_order":0,"comment_status":"closed","ping_status":"closed","template":"","meta":{"_uag_custom_page_level_css":"","jetpack_post_was_ever_published":false,"footnotes":""},"class_list":["post-93","page","type-page","status-publish","hentry"],"yoast_head":"<!-- This site is optimized with the Yoast SEO plugin v27.2 - https:\/\/yoast.com\/product\/yoast-seo-wordpress\/ -->\n<title>Kontakt - Tangatas Journeys<\/title>\n<meta name=\"description\" content=\"Hast du irgendwelche Fragen, Anmerkungen oder Vorschl\u00e4ge? Dann melde dich hier und trete mit mir in Verbindung!\" \/>\n<meta name=\"robots\" content=\"index, follow, max-snippet:-1, max-image-preview:large, max-video-preview:-1\" \/>\n<link rel=\"canonical\" href=\"https:\/\/tangatasjourneys.com\/en\/kontakt\/\" \/>\n<meta property=\"og:locale\" content=\"en_US\" \/>\n<meta property=\"og:type\" content=\"article\" \/>\n<meta property=\"og:title\" content=\"Kontakt - Tangatas Journeys\" \/>\n<meta property=\"og:description\" content=\"Hast du irgendwelche Fragen, Anmerkungen oder Vorschl\u00e4ge? Dann melde dich hier und trete mit mir in Verbindung!\" \/>\n<meta property=\"og:url\" content=\"https:\/\/tangatasjourneys.com\/en\/kontakt\/\" \/>\n<meta property=\"og:site_name\" content=\"Tangatas Journeys\" \/>\n<meta property=\"article:modified_time\" content=\"2025-02-16T08:11:15+00:00\" \/>\n<meta property=\"og:image\" content=\"https:\/\/i0.wp.com\/tangatasjourneys.com\/wp-content\/uploads\/2023\/08\/cropped-sophie-turner-LZVmvKlchM0-unsplash-scaled-1.jpg?fit=1000%2C369&ssl=1\" \/>\n\t<meta property=\"og:image:width\" content=\"1000\" \/>\n\t<meta property=\"og:image:height\" content=\"369\" \/>\n\t<meta property=\"og:image:type\" content=\"image\/jpeg\" \/>\n<meta name=\"twitter:card\" content=\"summary_large_image\" \/>\n<meta name=\"twitter:label1\" content=\"Est. reading time\" \/>\n\t<meta name=\"twitter:data1\" content=\"1 minute\" \/>\n<script type=\"application\/ld+json\" class=\"yoast-schema-graph\">{\"@context\":\"https:\/\/schema.org\",\"@graph\":[{\"@type\":[\"WebPage\",\"ContactPage\"],\"@id\":\"https:\/\/tangatasjourneys.com\/kontakt\/\",\"url\":\"https:\/\/tangatasjourneys.com\/kontakt\/\",\"name\":\"Kontakt - Tangatas Journeys\",\"isPartOf\":{\"@id\":\"https:\/\/tangatasjourneys.com\/#website\"},\"datePublished\":\"2023-08-30T13:36:35+00:00\",\"dateModified\":\"2025-02-16T08:11:15+00:00\",\"description\":\"Hast du irgendwelche Fragen, Anmerkungen oder Vorschl\u00e4ge? Dann melde dich hier und trete mit mir in Verbindung!\",\"breadcrumb\":{\"@id\":\"https:\/\/tangatasjourneys.com\/kontakt\/#breadcrumb\"},\"inLanguage\":\"en-US\",\"potentialAction\":[{\"@type\":\"ReadAction\",\"target\":[\"https:\/\/tangatasjourneys.com\/kontakt\/\"]}]},{\"@type\":\"BreadcrumbList\",\"@id\":\"https:\/\/tangatasjourneys.com\/kontakt\/#breadcrumb\",\"itemListElement\":[{\"@type\":\"ListItem\",\"position\":1,\"name\":\"Home\",\"item\":\"https:\/\/tangatasjourneys.com\/\"},{\"@type\":\"ListItem\",\"position\":2,\"name\":\"Kontakt\"}]},{\"@type\":\"WebSite\",\"@id\":\"https:\/\/tangatasjourneys.com\/#website\",\"url\":\"https:\/\/tangatasjourneys.com\/\",\"name\":\"Tangatas Journeys\",\"description\":\"The Faithful Traveler's Journal\",\"potentialAction\":[{\"@type\":\"SearchAction\",\"target\":{\"@type\":\"EntryPoint\",\"urlTemplate\":\"https:\/\/tangatasjourneys.com\/?s={search_term_string}\"},\"query-input\":{\"@type\":\"PropertyValueSpecification\",\"valueRequired\":true,\"valueName\":\"search_term_string\"}}],\"inLanguage\":\"en-US\"}]}<\/script>\n<!-- \/ Yoast SEO plugin. -->","yoast_head_json":{"title":"Kontakt - Tangatas Journeys","description":"Hast du irgendwelche Fragen, Anmerkungen oder Vorschl\u00e4ge? Dann melde dich hier und trete mit mir in Verbindung!","robots":{"index":"index","follow":"follow","max-snippet":"max-snippet:-1","max-image-preview":"max-image-preview:large","max-video-preview":"max-video-preview:-1"},"canonical":"https:\/\/tangatasjourneys.com\/en\/kontakt\/","og_locale":"en_US","og_type":"article","og_title":"Kontakt - Tangatas Journeys","og_description":"Hast du irgendwelche Fragen, Anmerkungen oder Vorschl\u00e4ge? Dann melde dich hier und trete mit mir in Verbindung!","og_url":"https:\/\/tangatasjourneys.com\/en\/kontakt\/","og_site_name":"Tangatas Journeys","article_modified_time":"2025-02-16T08:11:15+00:00","og_image":[{"width":1000,"height":369,"url":"https:\/\/i0.wp.com\/tangatasjourneys.com\/wp-content\/uploads\/2023\/08\/cropped-sophie-turner-LZVmvKlchM0-unsplash-scaled-1.jpg?fit=1000%2C369&ssl=1","type":"image\/jpeg"}],"twitter_card":"summary_large_image","twitter_misc":{"Est. reading time":"1 minute"},"schema":{"@context":"https:\/\/schema.org","@graph":[{"@type":["WebPage","ContactPage"],"@id":"https:\/\/tangatasjourneys.com\/kontakt\/","url":"https:\/\/tangatasjourneys.com\/kontakt\/","name":"Kontakt - Tangatas Journeys","isPartOf":{"@id":"https:\/\/tangatasjourneys.com\/#website"},"datePublished":"2023-08-30T13:36:35+00:00","dateModified":"2025-02-16T08:11:15+00:00","description":"Hast du irgendwelche Fragen, Anmerkungen oder Vorschl\u00e4ge? Dann melde dich hier und trete mit mir in Verbindung!","breadcrumb":{"@id":"https:\/\/tangatasjourneys.com\/kontakt\/#breadcrumb"},"inLanguage":"en-US","potentialAction":[{"@type":"ReadAction","target":["https:\/\/tangatasjourneys.com\/kontakt\/"]}]},{"@type":"BreadcrumbList","@id":"https:\/\/tangatasjourneys.com\/kontakt\/#breadcrumb","itemListElement":[{"@type":"ListItem","position":1,"name":"Home","item":"https:\/\/tangatasjourneys.com\/"},{"@type":"ListItem","position":2,"name":"Kontakt"}]},{"@type":"WebSite","@id":"https:\/\/tangatasjourneys.com\/#website","url":"https:\/\/tangatasjourneys.com\/","name":"Tangatas Journeys","description":"The Faithful Traveler's Journal","potentialAction":[{"@type":"SearchAction","target":{"@type":"EntryPoint","urlTemplate":"https:\/\/tangatasjourneys.com\/?s={search_term_string}"},"query-input":{"@type":"PropertyValueSpecification","valueRequired":true,"valueName":"search_term_string"}}],"inLanguage":"en-US"}]}},"uagb_featured_image_src":{"full":false,"thumbnail":false,"medium":false,"medium_large":false,"large":false,"1536x1536":false,"2048x2048":false,"trp-custom-language-flag":false,"refresh-blog-thumbnail":false,"refresh-blog-featured":false,"refresh-blog-square-thumbnail-small":false},"uagb_author_info":{"display_name":"admin","author_link":"https:\/\/tangatasjourneys.com\/en\/author\/admin\/"},"uagb_comment_info":0,"uagb_excerpt":"Setzen wir uns in Verbindung Sende mir deine Fragen, Kommentaren oder Vorschl\u00e4ge! Wenn du Fragen hast oder ein Kommentar hinterlassen willst, kanst du mich durch dieses Formular erreichen. Mehr \u00fcber meine Person findest du hier. Ab und zu bin ich mit Reisen besch\u00e4ftigt, aber ich werde versuchen, auf jede Nachricht zu antworten!","jetpack_sharing_enabled":true,"_links":{"self":[{"href":"https:\/\/tangatasjourneys.com\/en\/wp-json\/wp\/v2\/pages\/93","targetHints":{"allow":["GET"]}}],"collection":[{"href":"https:\/\/tangatasjourneys.com\/en\/wp-json\/wp\/v2\/pages"}],"about":[{"href":"https:\/\/tangatasjourneys.com\/en\/wp-json\/wp\/v2\/types\/page"}],"author":[{"embeddable":true,"href":"https:\/\/tangatasjourneys.com\/en\/wp-json\/wp\/v2\/users\/1"}],"replies":[{"embeddable":true,"href":"https:\/\/tangatasjourneys.com\/en\/wp-json\/wp\/v2\/comments?post=93"}],"version-history":[{"count":5,"href":"https:\/\/tangatasjourneys.com\/en\/wp-json\/wp\/v2\/pages\/93\/revisions"}],"predecessor-version":[{"id":1955,"href":"https:\/\/tangatasjourneys.com\/en\/wp-json\/wp\/v2\/pages\/93\/revisions\/1955"}],"wp:attachment":[{"href":"https:\/\/tangatasjourneys.com\/en\/wp-json\/wp\/v2\/media?parent=93"}],"curies":[{"name":"wp","href":"https:\/\/api.w.org\/{rel}","templated":true}]}}